{"id":3,"date":"2023-02-01T15:35:59","date_gmt":"2023-02-01T15:35:59","guid":{"rendered":"http:\/\/bymipp.se\/?page_id=3"},"modified":"2023-02-05T12:58:37","modified_gmt":"2023-02-05T12:58:37","slug":"privacy-policy","status":"publish","type":"page","link":"https:\/\/bymipp.se\/?page_id=3","title":{"rendered":"Villkor"},"content":{"rendered":"\n<h2>K\u00d6P<\/h2>\n\n\n\n<p>byMipp (en del av Vind\u00f6 Biodlingsutrustning AB) skickar ut en orderbekr\u00e4ftelse automatiskt efter att order lagts p\u00e5 hemsidan. byMipp har \u00e4gander\u00e4tt av de best\u00e4llda varorna tills att fullst\u00e4ndig betalning har erlagst av kunden. Vid eventuella uppenbara felpriss\u00e4ttningar f\u00f6rbeh\u00e5ller byMipp sig att \u00e4ndra detta efter order lagts.<\/p>\n\n\n\n<p>Priserna som anges p\u00e5 hemsidan \u00e4r inklusive moms. Frakt tillkommer.<\/p>\n\n\n\n<h2>FRAKT<\/h2>\n\n\n\n<p>Leveranstiden \u00e4r 5-10 dagar. Alla ordrar skickas med PostNord. Det \u00e4r m\u00f6jligt att g\u00f6ra \u00e4ndringar i sin order tills att den skickat. Om kund v\u00e4ljer att inte h\u00e4mta ut order hos ombud f\u00f6rbeh\u00e5ller sig byMipp sig r\u00e4tten fakturera f\u00f6r returfrakt.<\/p>\n\n\n\n<h2>\u00c5NGERR\u00c4TT<\/h2>\n\n\n\n<p>Du har enligt g\u00e4llande lagstiftning r\u00e4tt att \u00e5ngra ditt k\u00f6p inom 14 dagar. Meddela d\u00e5 byMipp info@bymipp.se.<\/p>\n\n\n\n<p>Du kan returnera produkten inom 14 dagar fr\u00e5n leverans. Om produkten \u00e4r f\u00f6rst\u00f6rd eller anv\u00e4nd, kommer ingen \u00e5terbetalning ske. Vid retur betalar du 49 kr f\u00f6r frakten.<\/p>\n\n\n\n<p>\u00c5terbetalning kommer ske till det konto, eller kort som du betalat till.<\/p>\n\n\n\n<h2>REKLAMATION<\/h2>\n\n\n\n<p>\u00c4r det fel p\u00e5 en vara har du r\u00e4tt att reklamera den enligt g\u00e4llande lagstiftning. Du kan endast reklamera f\u00f6r ursprungliga fel. Fel som har uppst\u00e5tt vid felaktig&nbsp;&nbsp;hantering av en vara \u00e4r inte sk\u00e4l f\u00f6r reklamation. Du m\u00e5ste kunna p\u00e5visa att du k\u00f6pt varan hos oss f\u00f6r att reklamation ska vara m\u00f6jligt.<\/p>\n\n\n\n<p>HANTERING AV PERSONUPPGIFTER<\/p>\n\n\n\n<p><strong>VAD G\u00d6R byMipp MED DIN INFORMATION?<\/strong><\/p>\n\n\n\n<p>N\u00e4r du k\u00f6per n\u00e5got fr\u00e5n v\u00e5r butik samlar byMipp (Vind\u00f6 Biodlingsutrustning AB) in personlig information som du ger oss, till exempel ditt namn, adress och e-postadress.<\/p>\n\n\n\n<p>N\u00e4r du \u00e4r inne i butiken f\u00e5r byMipp ocks\u00e5 automatiskt information om din dators IP-adress.<\/p>\n\n\n\n<p><strong>SAMTYCKE<\/strong><\/p>\n\n\n\n<p>N\u00e4r du ger oss personlig information f\u00f6r att slutf\u00f6ra en transaktion, verifiera ditt kreditkort, g\u00f6ra en best\u00e4llning, hantera en leverans eller returnera ett k\u00f6p, samtycker du till att vi samlar in information och anv\u00e4nder den f\u00f6r detta syfte.<\/p>\n\n\n\n<p><strong>\u00c5TERKALLANDE AV SAMTYCKE<\/strong><\/p>\n\n\n\n<p>Om du \u00e5ngrar dig och inte vill att byMipp samlar in information eller anv\u00e4nder dina uppgifter, kan du n\u00e4r som helst kontakta oss via e-post: info@bymipp.se eller skicka brev till: Vind\u00f6 Biodlingsutrustning AB, Djurhamn, 139 74, Vind\u00f6 Landsv\u00e4g 33, Sverige<\/p>\n\n\n\n<p><strong>OFFENTLIGG\u00d6RANDE<\/strong><\/p>\n\n\n\n<p>Vi kan l\u00e4mna ut din personliga information om lagen kr\u00e4ver det.<\/p>\n\n\n\n<p><strong>BETALNING<\/strong><\/p>\n\n\n\n<p>Om du v\u00e4ljer direktbetalning f\u00f6r att slutf\u00f6ra k\u00f6pet kan tredje part komma att anv\u00e4nda din kreditkortsinformation f\u00f6r detta \u00e4ndam\u00e5l. <\/p>\n\n\n\n<p><strong>TREDJEPARTSTJ\u00c4NSTER<\/strong><\/p>\n\n\n\n<p>I allm\u00e4nhet kommer tredjepartsleverant\u00f6rer som vi anv\u00e4nder endast samla in, anv\u00e4nda och l\u00e4mna ut din information i den utstr\u00e4ckning som kr\u00e4vs f\u00f6r att de ska kunna leverera sina tj\u00e4nster till oss.<\/p>\n\n\n\n<p>Vissa tredjepartsleverant\u00f6rer, t.ex. de som arbetar med betalningar och betalningstransaktionen, har sina egna integritetspolicys f\u00f6r den information som vi m\u00e5ste l\u00e4mna ut f\u00f6r att de ska kunna genomf\u00f6ra dina ink\u00f6psrelaterade transaktioner. F\u00f6r dessa leverant\u00f6rer, rekommenderar vi att du l\u00e4ser deras integritetspolicys s\u00e5 att du f\u00f6rst\u00e5r p\u00e5 vilket s\u00e4tt dessa leverant\u00f6rer hanterar din personliga information.<\/p>\n\n\n\n<p>T\u00e4nk ocks\u00e5 p\u00e5 att vissa leverant\u00f6rer kan ha sin verksamhet eller anl\u00e4ggningar i en annan jurisdiktion \u00e4n antingen du eller oss. Det inneb\u00e4r att om du v\u00e4ljer att g\u00e5 vidare med en transaktion som involverar en tredje part, kan din information omfattas av lagarna i den jurisdiktion d\u00e4r denna tredje part har sin verksamhet eller sina anl\u00e4ggningar. N\u00e4r du l\u00e4mnar v\u00e5r butiks webbplats eller omdirigeras till en tredje parts webbplats eller applikation, omfattas du inte l\u00e4ngre av denna Integritetspolicy eller Anv\u00e4ndarvillkor f\u00f6r v\u00e5r webbplats.<\/p>\n\n\n\n<p><strong>S\u00c4KERHET<\/strong><\/p>\n\n\n\n<p>F\u00f6r att skydda din personliga information vidtar vi f\u00f6rsiktighets\u00e5tg\u00e4rder och f\u00f6ljer branschens b\u00e4sta praxis f\u00f6r att se till att den inte f\u00f6rsvinner, missbrukas, n\u00e5s, avsl\u00f6jas, \u00e4ndras eller f\u00f6rst\u00f6rs. Om du f\u00f6rser oss med kreditkortsinformation, krypteras informationen med Secure Socket Layer-teknik (SSL) och lagras med AES-256 kryptering.<\/p>\n\n\n\n<p><strong>\u00c5LDERSGR\u00c4NS<\/strong><\/p>\n\n\n\n<p>N\u00e4r du anv\u00e4nder denna webbplats bekr\u00e4ftar du att du \u00e4r myndig i det land eller den stat d\u00e4r du bor eller att du \u00e4r myndig i det land eller den stat du bor och har gett ditt samtycke till att dina minder\u00e5riga barn anv\u00e4nder denna webbplats.<\/p>\n\n\n\n<h2>\u00c4NDRINGAR AV DESSA ANV\u00c4NDARVILLKOR<\/h2>\n\n\n\n<p>byMipp (Vind\u00f6 Biodlingsutrustning AB) f\u00f6rbeh\u00e5ller oss r\u00e4tten att \u00e4ndra dessa anv\u00e4ndarvillkor n\u00e4r som helst, s\u00e5 var v\u00e4nlig och kontrollera dem regelbundet.<\/p>\n\n\n\n<p>F\u00f6r\u00e4ndringar och f\u00f6rtydliganden tr\u00e4der i kraft omedelbart efter att de publicerats p\u00e5 webbplatsen.<\/p>\n\n\n\n<p>Om byMipp g\u00f6r v\u00e4sentliga \u00e4ndringar i den h\u00e4r policyn kommer vi att meddela dig h\u00e4r att policyn har uppdaterats, s\u00e5 att du vet vilken information som samlas in, hur den anv\u00e4nds.<\/p>\n","protected":false},"excerpt":{"rendered":"<p>K\u00d6P byMipp (en del av Vind\u00f6 Biodlingsutrustning AB) skickar ut en orderbekr\u00e4ftelse automatiskt efter att order lagts p\u00e5 hemsidan. byMipp har \u00e4gander\u00e4tt av de best\u00e4llda varorna tills att fullst\u00e4ndig betalning har erlagst av kunden. Vid eventuella uppenbara felpriss\u00e4ttningar f\u00f6rbeh\u00e5ller byMipp sig att \u00e4ndra detta efter order lagts. Priserna som anges p\u00e5 hemsidan \u00e4r inklusive moms. [&hellip;]<\/p>\n","protected":false},"author":1,"featured_media":0,"parent":0,"menu_order":0,"comment_status":"closed","ping_status":"open","template":"","meta":[],"_links":{"self":[{"href":"https:\/\/bymipp.se\/index.php?rest_route=\/wp\/v2\/pages\/3"}],"collection":[{"href":"https:\/\/bymipp.se\/index.php?rest_route=\/wp\/v2\/pages"}],"about":[{"href":"https:\/\/bymipp.se\/index.php?rest_route=\/wp\/v2\/types\/page"}],"author":[{"embeddable":true,"href":"https:\/\/bymipp.se\/index.php?rest_route=\/wp\/v2\/users\/1"}],"replies":[{"embeddable":true,"href":"https:\/\/bymipp.se\/index.php?rest_route=%2Fwp%2Fv2%2Fcomments&post=3"}],"version-history":[{"count":2,"href":"https:\/\/bymipp.se\/index.php?rest_route=\/wp\/v2\/pages\/3\/revisions"}],"predecessor-version":[{"id":37,"href":"https:\/\/bymipp.se\/index.php?rest_route=\/wp\/v2\/pages\/3\/revisions\/37"}],"wp:attachment":[{"href":"https:\/\/bymipp.se\/index.php?rest_route=%2Fwp%2Fv2%2Fmedia&parent=3"}],"curies":[{"name":"wp","href":"https:\/\/api.w.org\/{rel}","templated":true}]}}