{"id":38,"date":"2023-02-19T15:19:57","date_gmt":"2023-02-19T15:19:57","guid":{"rendered":"https:\/\/bymipp.se\/?page_id=38"},"modified":"2023-02-19T15:19:58","modified_gmt":"2023-02-19T15:19:58","slug":"vad-ar-bymipp","status":"publish","type":"page","link":"https:\/\/bymipp.se\/?page_id=38","title":{"rendered":"Vad \u00e4r byMipp?"},"content":{"rendered":"\n<p>byMipp \u00e4r f\u00f6r dig som vill ha det lite hett om \u00f6ronen. <\/p>\n\n\n\n<p>byMipp tillhandah\u00e5ller hemsydda trik\u00e5m\u00f6ssor med eller utan fleecefoder. Trik\u00e5m\u00f6ssorna \u00e4r sydda i tyg med f\u00e4rgglada och roliga motiv. M\u00f6ssorna passar s\u00e5v\u00e4l stora som sm\u00e5 och s\u00e4ljs via bymipp.se och p\u00e5 marknader. <\/p>\n\n\n\n<p>Du \u00e4r varmt v\u00e4lkommen med din best\u00e4llning och om det \u00e4r n\u00e5gra fr\u00e5gor \u00e4r du v\u00e4lkommen att h\u00f6ra av dig p\u00e5 info@bymipp.se.<\/p>\n\n\n\n<p>M\u00e4rket byMipp drivs som en del av f\u00f6retaget Vind\u00f6 Biodlingsutrustning AB (559348-7720).<\/p>\n","protected":false},"excerpt":{"rendered":"<p>byMipp \u00e4r f\u00f6r dig som vill ha det lite hett om \u00f6ronen. byMipp tillhandah\u00e5ller hemsydda trik\u00e5m\u00f6ssor med eller utan fleecefoder. Trik\u00e5m\u00f6ssorna \u00e4r sydda i tyg med f\u00e4rgglada och roliga motiv. M\u00f6ssorna passar s\u00e5v\u00e4l stora som sm\u00e5 och s\u00e4ljs via bymipp.se och p\u00e5 marknader. Du \u00e4r varmt v\u00e4lkommen med din best\u00e4llning och om det \u00e4r n\u00e5gra [&hellip;]<\/p>\n","protected":false},"author":1,"featured_media":0,"parent":0,"menu_order":0,"comment_status":"closed","ping_status":"closed","template":"","meta":[],"_links":{"self":[{"href":"https:\/\/bymipp.se\/index.php?rest_route=\/wp\/v2\/pages\/38"}],"collection":[{"href":"https:\/\/bymipp.se\/index.php?rest_route=\/wp\/v2\/pages"}],"about":[{"href":"https:\/\/bymipp.se\/index.php?rest_route=\/wp\/v2\/types\/page"}],"author":[{"embeddable":true,"href":"https:\/\/bymipp.se\/index.php?rest_route=\/wp\/v2\/users\/1"}],"replies":[{"embeddable":true,"href":"https:\/\/bymipp.se\/index.php?rest_route=%2Fwp%2Fv2%2Fcomments&post=38"}],"version-history":[{"count":2,"href":"https:\/\/bymipp.se\/index.php?rest_route=\/wp\/v2\/pages\/38\/revisions"}],"predecessor-version":[{"id":70,"href":"https:\/\/bymipp.se\/index.php?rest_route=\/wp\/v2\/pages\/38\/revisions\/70"}],"wp:attachment":[{"href":"https:\/\/bymipp.se\/index.php?rest_route=%2Fwp%2Fv2%2Fmedia&parent=38"}],"curies":[{"name":"wp","href":"https:\/\/api.w.org\/{rel}","templated":true}]}}