{"id":28,"date":"2023-02-02T12:50:59","date_gmt":"2023-02-02T12:50:59","guid":{"rendered":"https:\/\/bymipp.se\/?product=hoodie-with-logo"},"modified":"2024-09-23T18:34:25","modified_gmt":"2024-09-23T18:34:25","slug":"hoodie-with-logo","status":"publish","type":"product","link":"https:\/\/bymipp.se\/?product=hoodie-with-logo","title":{"rendered":"\u00c4pplen"},"content":{"rendered":"<p>Trik\u00e5m\u00f6ssa med motiv av \u00e4pplen p\u00e5 ljusgr\u00f6n bakgrund.<\/p>\n","protected":false},"excerpt":{"rendered":"<p>Trik\u00e5m\u00f6ssa med motiv av \u00e4pplen p\u00e5 ljusgr\u00f6n bakgrund.<\/p>\n","protected":false},"featured_media":53,"template":"","meta":[],"product_cat":[19],"product_tag":[],"_links":{"self":[{"href":"https:\/\/bymipp.se\/index.php?rest_route=\/wp\/v2\/product\/28"}],"collection":[{"href":"https:\/\/bymipp.se\/index.php?rest_route=\/wp\/v2\/product"}],"about":[{"href":"https:\/\/bymipp.se\/index.php?rest_route=\/wp\/v2\/types\/product"}],"wp:featuredmedia":[{"embeddable":true,"href":"https:\/\/bymipp.se\/index.php?rest_route=\/wp\/v2\/media\/53"}],"wp:attachment":[{"href":"https:\/\/bymipp.se\/index.php?rest_route=%2Fwp%2Fv2%2Fmedia&parent=28"}],"wp:term":[{"taxonomy":"product_cat","embeddable":true,"href":"https:\/\/bymipp.se\/index.php?rest_route=%2Fwp%2Fv2%2Fproduct_cat&post=28"},{"taxonomy":"product_tag","embeddable":true,"href":"https:\/\/bymipp.se\/index.php?rest_route=%2Fwp%2Fv2%2Fproduct_tag&post=28"}],"curies":[{"name":"wp","href":"https:\/\/api.w.org\/{rel}","templated":true}]}}