{"id":59,"date":"2023-02-19T15:00:43","date_gmt":"2023-02-19T15:00:43","guid":{"rendered":"https:\/\/bymipp.se\/?post_type=product&#038;p=59"},"modified":"2024-09-23T18:41:59","modified_gmt":"2024-09-23T18:41:59","slug":"fargglada-sjohastar","status":"publish","type":"product","link":"https:\/\/bymipp.se\/?product=fargglada-sjohastar","title":{"rendered":"F\u00e4rgglada sj\u00f6h\u00e4star"},"content":{"rendered":"<p>Trik\u00e5m\u00f6ssa med f\u00e4rgglada sj\u00f6h\u00e4star p\u00e5 bl\u00e5 botten.<\/p>\n","protected":false},"excerpt":{"rendered":"<p>Trik\u00e5m\u00f6ssa med f\u00e4rgglada sj\u00f6h\u00e4star p\u00e5 bl\u00e5 botten.<\/p>\n","protected":false},"featured_media":60,"template":"","meta":[],"product_cat":[19],"product_tag":[],"_links":{"self":[{"href":"https:\/\/bymipp.se\/index.php?rest_route=\/wp\/v2\/product\/59"}],"collection":[{"href":"https:\/\/bymipp.se\/index.php?rest_route=\/wp\/v2\/product"}],"about":[{"href":"https:\/\/bymipp.se\/index.php?rest_route=\/wp\/v2\/types\/product"}],"wp:featuredmedia":[{"embeddable":true,"href":"https:\/\/bymipp.se\/index.php?rest_route=\/wp\/v2\/media\/60"}],"wp:attachment":[{"href":"https:\/\/bymipp.se\/index.php?rest_route=%2Fwp%2Fv2%2Fmedia&parent=59"}],"wp:term":[{"taxonomy":"product_cat","embeddable":true,"href":"https:\/\/bymipp.se\/index.php?rest_route=%2Fwp%2Fv2%2Fproduct_cat&post=59"},{"taxonomy":"product_tag","embeddable":true,"href":"https:\/\/bymipp.se\/index.php?rest_route=%2Fwp%2Fv2%2Fproduct_tag&post=59"}],"curies":[{"name":"wp","href":"https:\/\/api.w.org\/{rel}","templated":true}]}}