{"id":63,"date":"2023-02-19T15:04:29","date_gmt":"2023-02-19T15:04:29","guid":{"rendered":"https:\/\/bymipp.se\/?post_type=product&#038;p=63"},"modified":"2024-09-23T18:41:22","modified_gmt":"2024-09-23T18:41:22","slug":"maneter","status":"publish","type":"product","link":"https:\/\/bymipp.se\/?product=maneter","title":{"rendered":"Maneter"},"content":{"rendered":"<p>Trik\u00e5m\u00f6ssa med simmande maneter p\u00e5 bl\u00e5 botten.<\/p>\n","protected":false},"excerpt":{"rendered":"<p>Trik\u00e5m\u00f6ssa med simmande maneter p\u00e5 bl\u00e5 botten.<\/p>\n","protected":false},"featured_media":64,"template":"","meta":[],"product_cat":[19],"product_tag":[],"_links":{"self":[{"href":"https:\/\/bymipp.se\/index.php?rest_route=\/wp\/v2\/product\/63"}],"collection":[{"href":"https:\/\/bymipp.se\/index.php?rest_route=\/wp\/v2\/product"}],"about":[{"href":"https:\/\/bymipp.se\/index.php?rest_route=\/wp\/v2\/types\/product"}],"wp:featuredmedia":[{"embeddable":true,"href":"https:\/\/bymipp.se\/index.php?rest_route=\/wp\/v2\/media\/64"}],"wp:attachment":[{"href":"https:\/\/bymipp.se\/index.php?rest_route=%2Fwp%2Fv2%2Fmedia&parent=63"}],"wp:term":[{"taxonomy":"product_cat","embeddable":true,"href":"https:\/\/bymipp.se\/index.php?rest_route=%2Fwp%2Fv2%2Fproduct_cat&post=63"},{"taxonomy":"product_tag","embeddable":true,"href":"https:\/\/bymipp.se\/index.php?rest_route=%2Fwp%2Fv2%2Fproduct_tag&post=63"}],"curies":[{"name":"wp","href":"https:\/\/api.w.org\/{rel}","templated":true}]}}