{"id":66,"date":"2023-02-19T15:07:53","date_gmt":"2023-02-19T15:07:53","guid":{"rendered":"https:\/\/bymipp.se\/?post_type=product&#038;p=66"},"modified":"2024-09-23T18:48:22","modified_gmt":"2024-09-23T18:48:22","slug":"trollslandor","status":"publish","type":"product","link":"https:\/\/bymipp.se\/?product=trollslandor","title":{"rendered":"Trollsl\u00e4ndor"},"content":{"rendered":"<p>Flygande trollsl\u00e4ndor i olika f\u00e4rger p\u00e5 m\u00f6rkbl\u00e5botten.<\/p>\n","protected":false},"excerpt":{"rendered":"<p>Flygande trollsl\u00e4ndor i olika f\u00e4rger p\u00e5 m\u00f6rkbl\u00e5botten.<\/p>\n","protected":false},"featured_media":68,"template":"","meta":[],"product_cat":[19],"product_tag":[],"_links":{"self":[{"href":"https:\/\/bymipp.se\/index.php?rest_route=\/wp\/v2\/product\/66"}],"collection":[{"href":"https:\/\/bymipp.se\/index.php?rest_route=\/wp\/v2\/product"}],"about":[{"href":"https:\/\/bymipp.se\/index.php?rest_route=\/wp\/v2\/types\/product"}],"wp:featuredmedia":[{"embeddable":true,"href":"https:\/\/bymipp.se\/index.php?rest_route=\/wp\/v2\/media\/68"}],"wp:attachment":[{"href":"https:\/\/bymipp.se\/index.php?rest_route=%2Fwp%2Fv2%2Fmedia&parent=66"}],"wp:term":[{"taxonomy":"product_cat","embeddable":true,"href":"https:\/\/bymipp.se\/index.php?rest_route=%2Fwp%2Fv2%2Fproduct_cat&post=66"},{"taxonomy":"product_tag","embeddable":true,"href":"https:\/\/bymipp.se\/index.php?rest_route=%2Fwp%2Fv2%2Fproduct_tag&post=66"}],"curies":[{"name":"wp","href":"https:\/\/api.w.org\/{rel}","templated":true}]}}