{"id":83,"date":"2024-09-23T18:50:15","date_gmt":"2024-09-23T18:50:15","guid":{"rendered":"https:\/\/bymipp.se\/?post_type=product&#038;p=83"},"modified":"2024-09-23T19:04:13","modified_gmt":"2024-09-23T19:04:13","slug":"bananer","status":"publish","type":"product","link":"https:\/\/bymipp.se\/?product=bananer","title":{"rendered":"Bananer"},"content":{"rendered":"<p>Gr\u00f6n trik\u00e5m\u00f6ssa med gula bananer<\/p>\n","protected":false},"excerpt":{"rendered":"<p>Gr\u00f6n trik\u00e5m\u00f6ssa med gula bananer<\/p>\n","protected":false},"featured_media":84,"template":"","meta":[],"product_cat":[19],"product_tag":[],"_links":{"self":[{"href":"https:\/\/bymipp.se\/index.php?rest_route=\/wp\/v2\/product\/83"}],"collection":[{"href":"https:\/\/bymipp.se\/index.php?rest_route=\/wp\/v2\/product"}],"about":[{"href":"https:\/\/bymipp.se\/index.php?rest_route=\/wp\/v2\/types\/product"}],"wp:featuredmedia":[{"embeddable":true,"href":"https:\/\/bymipp.se\/index.php?rest_route=\/wp\/v2\/media\/84"}],"wp:attachment":[{"href":"https:\/\/bymipp.se\/index.php?rest_route=%2Fwp%2Fv2%2Fmedia&parent=83"}],"wp:term":[{"taxonomy":"product_cat","embeddable":true,"href":"https:\/\/bymipp.se\/index.php?rest_route=%2Fwp%2Fv2%2Fproduct_cat&post=83"},{"taxonomy":"product_tag","embeddable":true,"href":"https:\/\/bymipp.se\/index.php?rest_route=%2Fwp%2Fv2%2Fproduct_tag&post=83"}],"curies":[{"name":"wp","href":"https:\/\/api.w.org\/{rel}","templated":true}]}}