{"id":86,"date":"2024-09-23T18:54:02","date_gmt":"2024-09-23T18:54:02","guid":{"rendered":"https:\/\/bymipp.se\/?post_type=product&#038;p=86"},"modified":"2024-09-23T19:03:39","modified_gmt":"2024-09-23T19:03:39","slug":"ljusbla-pollinatorer","status":"publish","type":"product","link":"https:\/\/bymipp.se\/?product=ljusbla-pollinatorer","title":{"rendered":"Ljusbl\u00e5 pollinat\u00f6rer"},"content":{"rendered":"<p>Trik\u00e5m\u00f6ssa med sm\u00e5 s\u00f6ta bin, nyckelpigor och fj\u00e4rilar p\u00e5 ljusbl\u00e5botten.<\/p>\n","protected":false},"excerpt":{"rendered":"<p>Trik\u00e5m\u00f6ssa med sm\u00e5 s\u00f6ta bin, nyckelpigor och fj\u00e4rilar p\u00e5 ljusbl\u00e5botten.<\/p>\n","protected":false},"featured_media":87,"template":"","meta":[],"product_cat":[19],"product_tag":[],"_links":{"self":[{"href":"https:\/\/bymipp.se\/index.php?rest_route=\/wp\/v2\/product\/86"}],"collection":[{"href":"https:\/\/bymipp.se\/index.php?rest_route=\/wp\/v2\/product"}],"about":[{"href":"https:\/\/bymipp.se\/index.php?rest_route=\/wp\/v2\/types\/product"}],"wp:featuredmedia":[{"embeddable":true,"href":"https:\/\/bymipp.se\/index.php?rest_route=\/wp\/v2\/media\/87"}],"wp:attachment":[{"href":"https:\/\/bymipp.se\/index.php?rest_route=%2Fwp%2Fv2%2Fmedia&parent=86"}],"wp:term":[{"taxonomy":"product_cat","embeddable":true,"href":"https:\/\/bymipp.se\/index.php?rest_route=%2Fwp%2Fv2%2Fproduct_cat&post=86"},{"taxonomy":"product_tag","embeddable":true,"href":"https:\/\/bymipp.se\/index.php?rest_route=%2Fwp%2Fv2%2Fproduct_tag&post=86"}],"curies":[{"name":"wp","href":"https:\/\/api.w.org\/{rel}","templated":true}]}}