{"id":89,"date":"2024-09-23T19:06:55","date_gmt":"2024-09-23T19:06:55","guid":{"rendered":"https:\/\/bymipp.se\/?post_type=product&#038;p=89"},"modified":"2024-09-23T19:11:33","modified_gmt":"2024-09-23T19:11:33","slug":"ljusgrona-grodor","status":"publish","type":"product","link":"https:\/\/bymipp.se\/?product=ljusgrona-grodor","title":{"rendered":"Ljusgr\u00f6na grodor"},"content":{"rendered":"<p>Trik\u00e5m\u00f6ssa med glada hoppande grodor p\u00e5 en ljusgr\u00f6n botten.<\/p>\n","protected":false},"excerpt":{"rendered":"<p>Trik\u00e5m\u00f6ssa med glada hoppande grodor p\u00e5 en ljusgr\u00f6n botten.<\/p>\n","protected":false},"featured_media":91,"template":"","meta":[],"product_cat":[19],"product_tag":[],"_links":{"self":[{"href":"https:\/\/bymipp.se\/index.php?rest_route=\/wp\/v2\/product\/89"}],"collection":[{"href":"https:\/\/bymipp.se\/index.php?rest_route=\/wp\/v2\/product"}],"about":[{"href":"https:\/\/bymipp.se\/index.php?rest_route=\/wp\/v2\/types\/product"}],"wp:featuredmedia":[{"embeddable":true,"href":"https:\/\/bymipp.se\/index.php?rest_route=\/wp\/v2\/media\/91"}],"wp:attachment":[{"href":"https:\/\/bymipp.se\/index.php?rest_route=%2Fwp%2Fv2%2Fmedia&parent=89"}],"wp:term":[{"taxonomy":"product_cat","embeddable":true,"href":"https:\/\/bymipp.se\/index.php?rest_route=%2Fwp%2Fv2%2Fproduct_cat&post=89"},{"taxonomy":"product_tag","embeddable":true,"href":"https:\/\/bymipp.se\/index.php?rest_route=%2Fwp%2Fv2%2Fproduct_tag&post=89"}],"curies":[{"name":"wp","href":"https:\/\/api.w.org\/{rel}","templated":true}]}}