{"id":92,"date":"2024-09-23T19:10:52","date_gmt":"2024-09-23T19:10:52","guid":{"rendered":"https:\/\/bymipp.se\/?post_type=product&#038;p=92"},"modified":"2024-09-23T19:10:52","modified_gmt":"2024-09-23T19:10:52","slug":"sjohastar","status":"publish","type":"product","link":"https:\/\/bymipp.se\/?product=sjohastar","title":{"rendered":"Sj\u00f6h\u00e4star"},"content":{"rendered":"<p>Trik\u00e5m\u00f6ssa med sj\u00f6h\u00e4star i glada f\u00e4rger p\u00e5 en bl\u00e5 och rosa botten.<\/p>\n","protected":false},"excerpt":{"rendered":"<p>Trik\u00e5m\u00f6ssa med sj\u00f6h\u00e4star i glada f\u00e4rger p\u00e5 en bl\u00e5 och rosa botten.<\/p>\n","protected":false},"featured_media":95,"template":"","meta":[],"product_cat":[19],"product_tag":[],"_links":{"self":[{"href":"https:\/\/bymipp.se\/index.php?rest_route=\/wp\/v2\/product\/92"}],"collection":[{"href":"https:\/\/bymipp.se\/index.php?rest_route=\/wp\/v2\/product"}],"about":[{"href":"https:\/\/bymipp.se\/index.php?rest_route=\/wp\/v2\/types\/product"}],"wp:featuredmedia":[{"embeddable":true,"href":"https:\/\/bymipp.se\/index.php?rest_route=\/wp\/v2\/media\/95"}],"wp:attachment":[{"href":"https:\/\/bymipp.se\/index.php?rest_route=%2Fwp%2Fv2%2Fmedia&parent=92"}],"wp:term":[{"taxonomy":"product_cat","embeddable":true,"href":"https:\/\/bymipp.se\/index.php?rest_route=%2Fwp%2Fv2%2Fproduct_cat&post=92"},{"taxonomy":"product_tag","embeddable":true,"href":"https:\/\/bymipp.se\/index.php?rest_route=%2Fwp%2Fv2%2Fproduct_tag&post=92"}],"curies":[{"name":"wp","href":"https:\/\/api.w.org\/{rel}","templated":true}]}}